{"id":596,"date":"2022-07-11T16:13:02","date_gmt":"2022-07-11T16:13:02","guid":{"rendered":"https:\/\/startertemplatecloud.com\/g54\/?page_id=596"},"modified":"2025-12-21T18:53:25","modified_gmt":"2025-12-21T22:53:25","slug":"contact","status":"publish","type":"page","link":"https:\/\/verixbs.com\/es\/contact\/","title":{"rendered":"Cont\u00e1ctanos"},"content":{"rendered":"<style>.kb-row-layout-id596_3c468d-1a > .kt-row-column-wrap{align-content:start;}:where(.kb-row-layout-id596_3c468d-1a > .kt-row-column-wrap) > .wp-block-kadence-column{justify-content:start;}.kb-row-layout-id596_3c468d-1a > .kt-row-column-wrap{column-gap:var(--global-kb-gap-md, 2rem);row-gap:var(--global-kb-gap-md, 2rem);max-width:var( --global-content-width, 1290px );padding-left:var(--global-content-edge-padding);padding-right:var(--global-content-edge-padding);padding-top:140px;padding-bottom:100px;grid-template-columns:minmax(0, 1fr);}.kb-row-layout-id596_3c468d-1a{background-image:url('https:\/\/verixbs.com\/wp-content\/uploads\/2025\/10\/Contact_Image.png');background-size:cover;background-position:46% 45%;background-attachment:scroll;background-repeat:no-repeat;}.kb-row-layout-id596_3c468d-1a > .kt-row-layout-overlay{opacity:0.60;background-color:#111111;mix-blend-mode:multiply;}@media all and (max-width: 1024px){.kb-row-layout-id596_3c468d-1a > .kt-row-column-wrap{padding-top:80px;padding-bottom:80px;grid-template-columns:minmax(0, 1fr);}}@media all and (max-width: 767px){.kb-row-layout-id596_3c468d-1a > .kt-row-column-wrap{padding-top:100px;padding-right:30px;padding-bottom:100px;padding-left:30px;grid-template-columns:minmax(0, 1fr);}}<\/style><div class=\"kb-row-layout-wrap kb-row-layout-id596_3c468d-1a alignnone kt-row-has-bg wp-block-kadence-rowlayout\"><div class=\"kt-row-layout-overlay kt-row-overlay-normal\"><\/div><div class=\"kt-row-column-wrap kt-has-1-columns kt-row-layout-equal kt-tab-layout-inherit kt-mobile-layout-row kt-row-valign-top kb-theme-content-width\">\n<style>.kadence-column596_959b19-ca > .kt-inside-inner-col,.kadence-column596_959b19-ca > .kt-inside-inner-col:before{border-top-left-radius:0px;border-top-right-radius:0px;border-bottom-right-radius:0px;border-bottom-left-radius:0px;}.kadence-column596_959b19-ca > .kt-inside-inner-col{column-gap:var(--global-kb-gap-sm, 1rem);}.kadence-column596_959b19-ca > .kt-inside-inner-col{flex-direction:column;}.kadence-column596_959b19-ca > .kt-inside-inner-col > .aligncenter{width:100%;}.kadence-column596_959b19-ca > .kt-inside-inner-col:before{opacity:0.3;}.kadence-column596_959b19-ca{position:relative;}@media all and (max-width: 1024px){.kadence-column596_959b19-ca > .kt-inside-inner-col{padding-top:0px;padding-right:0px;padding-bottom:0px;padding-left:0px;flex-direction:column;justify-content:center;}}@media all and (max-width: 767px){.kadence-column596_959b19-ca > .kt-inside-inner-col{flex-direction:column;justify-content:center;}}<\/style>\n<div class=\"wp-block-kadence-column kadence-column596_959b19-ca inner-column-1\"><div class=\"kt-inside-inner-col\"><style>.kb-row-layout-id596_5f7aa5-f0 > .kt-row-column-wrap{align-content:start;}:where(.kb-row-layout-id596_5f7aa5-f0 > .kt-row-column-wrap) > .wp-block-kadence-column{justify-content:start;}.kb-row-layout-id596_5f7aa5-f0 > .kt-row-column-wrap{column-gap:var(--global-kb-gap-md, 2rem);row-gap:var(--global-kb-gap-md, 2rem);max-width:600px;margin-left:auto;margin-right:auto;padding-top:0px;padding-bottom:0px;grid-template-columns:minmax(0, 1fr);}.kb-row-layout-id596_5f7aa5-f0 > .kt-row-layout-overlay{opacity:0.30;}@media all and (max-width: 1024px){.kb-row-layout-id596_5f7aa5-f0 > .kt-row-column-wrap{padding-top:0px;padding-right:0px;padding-bottom:0px;padding-left:0px;grid-template-columns:minmax(0, 1fr);}}@media all and (max-width: 767px){.kb-row-layout-id596_5f7aa5-f0 > .kt-row-column-wrap{grid-template-columns:minmax(0, 1fr);}}<\/style><div class=\"kb-row-layout-wrap kb-row-layout-id596_5f7aa5-f0 alignnone wp-block-kadence-rowlayout\"><div class=\"kt-row-column-wrap kt-has-1-columns kt-row-layout-equal kt-tab-layout-inherit kt-mobile-layout-row kt-row-valign-top\">\n<style>.kadence-column596_847d90-2c > .kt-inside-inner-col{padding-right:40px;padding-left:40px;}.kadence-column596_847d90-2c > .kt-inside-inner-col,.kadence-column596_847d90-2c > .kt-inside-inner-col:before{border-top-left-radius:0px;border-top-right-radius:0px;border-bottom-right-radius:0px;border-bottom-left-radius:0px;}.kadence-column596_847d90-2c > .kt-inside-inner-col{column-gap:var(--global-kb-gap-sm, 1rem);}.kadence-column596_847d90-2c > .kt-inside-inner-col{flex-direction:column;}.kadence-column596_847d90-2c > .kt-inside-inner-col > .aligncenter{width:100%;}.kadence-column596_847d90-2c > .kt-inside-inner-col:before{opacity:0.3;}.kadence-column596_847d90-2c{position:relative;}@media all and (max-width: 1024px){.kadence-column596_847d90-2c > .kt-inside-inner-col{flex-direction:column;justify-content:center;}}@media all and (max-width: 767px){.kadence-column596_847d90-2c > .kt-inside-inner-col{padding-right:0px;padding-left:0px;flex-direction:column;justify-content:center;}}<\/style>\n<div class=\"wp-block-kadence-column kadence-column596_847d90-2c inner-column-1\"><div class=\"kt-inside-inner-col\"><style>.wp-block-kadence-advancedheading.kt-adv-heading596_384fc2-da, .wp-block-kadence-advancedheading.kt-adv-heading596_384fc2-da[data-kb-block=\"kb-adv-heading596_384fc2-da\"]{padding-top:0px;padding-right:0px;padding-bottom:20px;padding-left:0px;margin-top:0px;margin-right:0px;margin-bottom:0px;margin-left:0px;text-align:center;font-style:normal;text-transform:capitalize;color:#ffffff;}.wp-block-kadence-advancedheading.kt-adv-heading596_384fc2-da mark.kt-highlight, .wp-block-kadence-advancedheading.kt-adv-heading596_384fc2-da[data-kb-block=\"kb-adv-heading596_384fc2-da\"] mark.kt-highlight{font-style:normal;color:#f76a0c;-webkit-box-decoration-break:clone;box-decoration-break:clone;padding-top:0px;padding-right:0px;padding-bottom:0px;padding-left:0px;}<\/style>\n<h1 class=\"kt-adv-heading596_384fc2-da wp-block-kadence-advancedheading\" data-kb-block=\"kb-adv-heading596_384fc2-da\">\u00bfListo para Reparar lo Que Est\u00e1 Roto?<\/h1>\n\n\n<style>.wp-block-kadence-advancedheading.kt-adv-heading596_9e8312-61, .wp-block-kadence-advancedheading.kt-adv-heading596_9e8312-61[data-kb-block=\"kb-adv-heading596_9e8312-61\"]{padding-right:0px;padding-left:0px;text-align:center;font-style:normal;color:#ffffff;}.wp-block-kadence-advancedheading.kt-adv-heading596_9e8312-61 mark.kt-highlight, .wp-block-kadence-advancedheading.kt-adv-heading596_9e8312-61[data-kb-block=\"kb-adv-heading596_9e8312-61\"] mark.kt-highlight{font-style:normal;color:#f76a0c;-webkit-box-decoration-break:clone;box-decoration-break:clone;padding-top:0px;padding-right:0px;padding-bottom:0px;padding-left:0px;}@media all and (max-width: 767px){.wp-block-kadence-advancedheading.kt-adv-heading596_9e8312-61, .wp-block-kadence-advancedheading.kt-adv-heading596_9e8312-61[data-kb-block=\"kb-adv-heading596_9e8312-61\"]{padding-right:0px;padding-left:0px;}}<\/style>\n<p class=\"kt-adv-heading596_9e8312-61 wp-block-kadence-advancedheading\" data-kb-block=\"kb-adv-heading596_9e8312-61\">Cu\u00e9ntanos sobre tu desaf\u00edo. Agendaremos una consulta sin compromiso para discutir c\u00f3mo podemos ayudarte.<\/p>\n<\/div><\/div>\n\n<\/div><\/div><\/div><\/div>\n\n<\/div><\/div>\n\n<style>.kb-row-layout-id596_fd5080-a9 > .kt-row-column-wrap{align-content:start;}:where(.kb-row-layout-id596_fd5080-a9 > .kt-row-column-wrap) > .wp-block-kadence-column{justify-content:start;}.kb-row-layout-id596_fd5080-a9 > .kt-row-column-wrap{column-gap:var(--global-kb-gap-md, 2rem);row-gap:var(--global-kb-gap-md, 2rem);max-width:var( --global-content-width, 1290px );padding-left:var(--global-content-edge-padding);padding-right:var(--global-content-edge-padding);padding-top:100px;padding-right:250px;padding-bottom:80px;padding-left:250px;grid-template-columns:minmax(0, 1fr);}.kb-row-layout-id596_fd5080-a9 > .kt-row-layout-overlay{opacity:0.30;}@media all and (max-width: 1024px){.kb-row-layout-id596_fd5080-a9 > .kt-row-column-wrap{padding-top:80px;padding-right:150px;padding-bottom:0px;padding-left:150px;grid-template-columns:minmax(0, 1fr);}}@media all and (max-width: 767px){.kb-row-layout-id596_fd5080-a9 > .kt-row-column-wrap{row-gap:var(--global-kb-gap-none, 0rem );padding-right:0px;padding-bottom:0px;padding-left:0px;grid-template-columns:minmax(0, 1fr);}}<\/style><div class=\"kb-row-layout-wrap kb-row-layout-id596_fd5080-a9 alignfull has-theme-palette8-background-color kt-row-has-bg wp-block-kadence-rowlayout\" id=\"Contact\"><div class=\"kt-row-column-wrap kt-has-1-columns kt-row-layout-equal kt-tab-layout-inherit kt-mobile-layout-row kt-row-valign-top kb-theme-content-width\">\n<style>.kadence-column596_6114ef-7a > .kt-inside-inner-col{padding-top:50px;padding-right:100px;padding-bottom:0px;padding-left:100px;}.kadence-column596_6114ef-7a > .kt-inside-inner-col,.kadence-column596_6114ef-7a > .kt-inside-inner-col:before{border-top-left-radius:0px;border-top-right-radius:0px;border-bottom-right-radius:0px;border-bottom-left-radius:0px;}.kadence-column596_6114ef-7a > .kt-inside-inner-col{column-gap:var(--global-kb-gap-sm, 1rem);}.kadence-column596_6114ef-7a > .kt-inside-inner-col{flex-direction:column;}.kadence-column596_6114ef-7a > .kt-inside-inner-col > .aligncenter{width:100%;}.kadence-column596_6114ef-7a > .kt-inside-inner-col{background-color:var(--global-palette9, #ffffff);}.kadence-column596_6114ef-7a > .kt-inside-inner-col:before{opacity:0.3;}.kadence-column596_6114ef-7a{position:relative;}.kadence-column596_6114ef-7a, .kt-inside-inner-col > .kadence-column596_6114ef-7a:not(.specificity){margin-right:0px;margin-bottom:0px;margin-left:10px;}@media all and (max-width: 1024px){.kadence-column596_6114ef-7a > .kt-inside-inner-col{padding-right:var(--global-kb-spacing-xl, 4rem);padding-left:var(--global-kb-spacing-xl, 4rem);flex-direction:column;justify-content:center;}}@media all and (max-width: 1024px){.kadence-column596_6114ef-7a, .kt-inside-inner-col > .kadence-column596_6114ef-7a:not(.specificity){margin-top:0px;margin-right:0px;margin-bottom:0px;margin-left:0px;}}@media all and (max-width: 767px){.kadence-column596_6114ef-7a > .kt-inside-inner-col{padding-right:var(--global-kb-spacing-xxs, 0.5rem);padding-bottom:0px;padding-left:var(--global-kb-spacing-xxs, 0.5rem);flex-direction:column;justify-content:center;}.kadence-column596_6114ef-7a, .kt-inside-inner-col > .kadence-column596_6114ef-7a:not(.specificity){margin-top:0px;margin-right:0px;margin-bottom:0px;margin-left:0px;}}<\/style>\n<div class=\"wp-block-kadence-column kadence-column596_6114ef-7a inner-column-2\"><div class=\"kt-inside-inner-col\"><style>.kadence-form-596_250b4d-87 .kb-form .kadence-blocks-form-field{margin-bottom:22px;}.kadence-form-596_250b4d-87 .kb-form .kadence-blocks-form-field{padding-right:9px;padding-left:9px;}.kadence-form-596_250b4d-87 .kb-form{margin-right:-9px;margin-left:-9px;}.kadence-form-596_250b4d-87 .kb-form .kadence-blocks-form-field .kb-text-style-field, .kadence-form-596_250b4d-87 .kb-form .kadence-blocks-form-field .kb-select-style-field{border-radius:0px;line-height:28px;}.kadence-form-596_250b4d-87 .kb-form .kadence-blocks-form-field > label{padding-top:0px;padding-right:0px;padding-bottom:0px;padding-left:0px;}.kadence-form-596_250b4d-87 .kb-form .kadence-blocks-form-field .kb-forms-submit{color:var(--global-palette9, #ffffff);}.kadence-form-596_250b4d-87 .kb-form .kadence-blocks-form-field .kb-forms-submit{text-transform:capitalize;font-weight:bold;}.kadence-form-596_250b4d-87 .kadence-blocks-form-success{color:var(--global-palette9, #ffffff);border-color:var(--global-palette3, #1A202C);background:var(--global-palette3, #1A202C);}.kb-form input.kadence-blocks-field.verify{opacity:0.0;position:absolute;top:0.0;left:0.0;width:0.0;height:0.0;z-index:-1;}<\/style>\n<div class=\"wp-block-kadence-form kadence-form-596_250b4d-87 kb-form-wrap\"><form class=\"kb-form\" action=\"\" method=\"post\" data-trp-original-action=\"\"><div class=\"kadence-blocks-form-field kb-field-desk-width-100 kb-input-size-large\"><label for=\"kb_field_596_250b4d-87_0\">Nombre<span class=\"required\">*<\/span><\/label><input name=\"kb_field_0\" id=\"kb_field_596_250b4d-87_0\" data-label=\"Name\" type=\"text\" placeholder=\"Nombre Completo\" value=\"\" data-type=\"text\" class=\"kb-field kb-text-style-field kb-text-field kb-field-0\" data-required=\"yes\"\/><\/div><div class=\"kadence-blocks-form-field kb-form-field-1 kb-field-desk-width-100 kb-input-size-large\"><label for=\"kb_field_596_250b4d-87_1\">Correo Electr\u00f3nico<span class=\"required\">*<\/span><\/label><input name=\"kb_field_1\" id=\"kb_field_596_250b4d-87_1\" data-label=\"Email\" type=\"email\" placeholder=\"Correo Electr\u00f3nico\" value=\"\" data-type=\"email\" class=\"kb-field kb-text-style-field kb-email-field kb-field-1\" data-required=\"yes\"\/><\/div><div class=\"kadence-blocks-form-field kb-form-field-2 kb-field-desk-width-50 kb-field-mobile-width-100 kb-input-size-large\"><label for=\"kb_field_596_250b4d-87_2\">Tel\u00e9fono (opcional)<\/label><input name=\"kb_field_2\" id=\"kb_field_596_250b4d-87_2\" data-label=\"Phone Number\" type=\"text\" placeholder=\"Tel\u00e9fono (opcional) \" value=\"\" data-type=\"text\" class=\"kb-field kb-text-style-field kb-text-field kb-field-2\"\/><\/div><div class=\"kadence-blocks-form-field kb-form-field-3 kb-field-desk-width-50 kb-field-mobile-width-100 kb-input-size-large\"><label for=\"kb_field_596_250b4d-87_3\">Empresa<span class=\"required\">*<\/span><\/label><input name=\"kb_field_3\" id=\"kb_field_596_250b4d-87_3\" data-label=\"Company\" type=\"text\" placeholder=\"Nombre de la Empresa\" value=\"\" data-type=\"text\" class=\"kb-field kb-text-style-field kb-text-field kb-field-3\" data-required=\"yes\"\/><\/div><div class=\"kadence-blocks-form-field kb-form-field-4 kb-field-desk-width-100 kb-input-size-large\"><label for=\"kb_field_596_250b4d-87_4\">Mensaje<span class=\"required\">*<\/span><\/label><textarea name=\"kb_field_4\" id=\"kb_field_596_250b4d-87_4\" data-label=\"Message\" type=\"textarea\" placeholder=\"Cu\u00e9ntanos sobre tu desaf\u00edo\" data-type=\"textarea\" class=\"kb-field kb-text-style-field kb-textarea-field kb-field-4\" rows=\"4\" data-required=\"yes\"><\/textarea><\/div><input type=\"hidden\" name=\"_kb_form_id\" value=\"596_250b4d-87\"\/><input type=\"hidden\" name=\"_kb_form_post_id\" value=\"596\"\/><input type=\"hidden\" name=\"action\" value=\"kb_process_ajax_submit\"\/><label class=\"kadence-verify-label\">Correo Electr\u00f3nico<input class=\"kadence-blocks-field verify\" type=\"text\" name=\"_kb_verify_email\" autocomplete=\"new-password\" aria-hidden=\"true\" placeholder=\"Correo Electr\u00f3nico\" tabindex=\"-1\" data-1p-ignore=\"true\" data-lpignore=\"true\" \/><\/label><div class=\"kadence-blocks-form-field kb-submit-field kb-field-desk-width-100\"><button class=\"kb-forms-submit button kb-button-size-large kb-button-width-full\">Enviar Mensaje<\/button><\/div><input type=\"hidden\" name=\"trp-form-language\" value=\"es\"\/><\/form><\/div>\n<noscript><div class=\"kadence-blocks-form-message kadence-blocks-form-warning\">Activar JavaScript en tu navegador para enviar el formulario<\/div><style>.kadence-form-596_250b4d-87 .kadence-blocks-form-field.kb-submit-field { display: none; }<\/style><\/noscript><\/div><\/div>\n\n\n<style>.kadence-column596_f9e259-41 > .kt-inside-inner-col{padding-top:0px;padding-right:100px;padding-bottom:30px;padding-left:100px;}.kadence-column596_f9e259-41 > .kt-inside-inner-col,.kadence-column596_f9e259-41 > .kt-inside-inner-col:before{border-top-left-radius:0px;border-top-right-radius:0px;border-bottom-right-radius:0px;border-bottom-left-radius:0px;}.kadence-column596_f9e259-41 > .kt-inside-inner-col{column-gap:var(--global-kb-gap-sm, 1rem);}.kadence-column596_f9e259-41 > .kt-inside-inner-col{flex-direction:column;}.kadence-column596_f9e259-41 > .kt-inside-inner-col > .aligncenter{width:100%;}.kadence-column596_f9e259-41 > .kt-inside-inner-col{background-color:var(--global-palette9, #ffffff);}.kadence-column596_f9e259-41 > .kt-inside-inner-col:before{opacity:0.3;}.kadence-column596_f9e259-41{position:relative;}.kadence-column596_f9e259-41, .kt-inside-inner-col > .kadence-column596_f9e259-41:not(.specificity){margin-top:-35px;margin-right:0px;margin-bottom:0px;margin-left:10px;}@media all and (max-width: 1024px){.kadence-column596_f9e259-41 > .kt-inside-inner-col{padding-right:var(--global-kb-spacing-xl, 4rem);padding-left:var(--global-kb-spacing-xl, 4rem);flex-direction:column;justify-content:center;}}@media all and (max-width: 1024px){.kadence-column596_f9e259-41, .kt-inside-inner-col > .kadence-column596_f9e259-41:not(.specificity){margin-top:0px;margin-right:0px;margin-bottom:0px;margin-left:0px;}}@media all and (max-width: 767px){.kadence-column596_f9e259-41 > .kt-inside-inner-col{padding-right:var(--global-kb-spacing-xxs, 0.5rem);padding-bottom:0px;padding-left:var(--global-kb-spacing-xxs, 0.5rem);flex-direction:column;justify-content:center;}.kadence-column596_f9e259-41, .kt-inside-inner-col > .kadence-column596_f9e259-41:not(.specificity){margin-top:0px;margin-right:0px;margin-bottom:0px;margin-left:0px;}}<\/style>\n<div class=\"wp-block-kadence-column kadence-column596_f9e259-41 inner-column-2\"><div class=\"kt-inside-inner-col\"><style>.wp-block-kadence-advancedbtn.kb-btns596_2c458a-19{gap:var(--global-kb-gap-xs, 0.5rem );justify-content:center;align-items:center;}.kt-btns596_2c458a-19 .kt-button{font-weight:normal;font-style:normal;}.kt-btns596_2c458a-19 .kt-btn-wrap-0{margin-right:5px;}.wp-block-kadence-advancedbtn.kt-btns596_2c458a-19 .kt-btn-wrap-0 .kt-button{color:#555555;border-color:#555555;}.wp-block-kadence-advancedbtn.kt-btns596_2c458a-19 .kt-btn-wrap-0 .kt-button:hover, .wp-block-kadence-advancedbtn.kt-btns596_2c458a-19 .kt-btn-wrap-0 .kt-button:focus{color:#ffffff;border-color:#444444;}.wp-block-kadence-advancedbtn.kt-btns596_2c458a-19 .kt-btn-wrap-0 .kt-button::before{display:none;}.wp-block-kadence-advancedbtn.kt-btns596_2c458a-19 .kt-btn-wrap-0 .kt-button:hover, .wp-block-kadence-advancedbtn.kt-btns596_2c458a-19 .kt-btn-wrap-0 .kt-button:focus{background:#444444;}<\/style>\n<div class=\"wp-block-kadence-advancedbtn kb-buttons-wrap kb-btns596_2c458a-19\"><style>ul.menu .wp-block-kadence-advancedbtn .kb-btn596_ff8d56-04.kb-button{width:initial;}.wp-block-kadence-advancedbtn .kb-btn596_ff8d56-04.kb-button{color:var(--global-palette9, #ffffff);background:var(--global-palette1, #3182CE);padding-top:var(--global-kb-spacing-xs, 1rem);padding-right:var(--global-kb-spacing-xl, 4rem);padding-bottom:var(--global-kb-spacing-xs, 1rem);padding-left:var(--global-kb-spacing-xl, 4rem);margin-top:0px;margin-bottom:0px;}.wp-block-kadence-advancedbtn .kb-btn596_ff8d56-04.kb-button:hover, .wp-block-kadence-advancedbtn .kb-btn596_ff8d56-04.kb-button:focus{background:var(--global-palette3, #1A202C);}@media all and (max-width: 767px){.wp-block-kadence-advancedbtn .kb-btn596_ff8d56-04.kb-button{padding-top:var(--global-kb-spacing-xs, 1rem);padding-right:0px;padding-bottom:var(--global-kb-spacing-xs, 1rem);padding-left:0px;margin-top:var(--global-kb-spacing-xxs, 0.5rem);margin-bottom:var(--global-kb-spacing-md, 2rem);}}<\/style><span class=\"kb-button kt-button button kb-btn596_ff8d56-04 kt-btn-size-standard kt-btn-width-type-auto kb-btn-global-fill  kt-btn-has-text-true kt-btn-has-svg-false  wp-block-kadence-singlebtn\"><span class=\"kt-btn-inner-text\">Agenda una reuni\u00f3n con un consultor experto<\/span><\/span><\/div>\n<\/div><\/div>\n\n<\/div><\/div>\n\n\n<p><\/p>","protected":false},"excerpt":{"rendered":"<p>Ready to Fix What\u2019s Broken? Tell us about your challenge. We\u2019ll schedule a no-obligation consultation to discuss how we can help.<\/p>","protected":false},"author":2,"featured_media":0,"parent":0,"menu_order":0,"comment_status":"closed","ping_status":"closed","template":"","meta":{"_kad_blocks_custom_css":"","_kad_blocks_head_custom_js":"","_kad_blocks_body_custom_js":"","_kad_blocks_footer_custom_js":"","_kadence_starter_templates_imported_post":true,"_kad_post_transparent":"","_kad_post_title":"","_kad_post_layout":"","_kad_post_sidebar_id":"","_kad_post_content_style":"","_kad_post_vertical_padding":"","_kad_post_feature":"","_kad_post_feature_position":"","_kad_post_header":false,"_kad_post_footer":false,"_kad_post_classname":"","footnotes":""},"class_list":["post-596","page","type-page","status-publish","hentry"],"yoast_head":"<!-- This site is optimized with the Yoast SEO plugin v26.6 - https:\/\/yoast.com\/wordpress\/plugins\/seo\/ -->\n<title>Contact - Verix Business Solution<\/title>\n<meta name=\"robots\" content=\"index, follow, max-snippet:-1, max-image-preview:large, max-video-preview:-1\" \/>\n<link rel=\"canonical\" href=\"https:\/\/verixbs.com\/es\/contact\/\" \/>\n<meta property=\"og:locale\" content=\"es_ES\" \/>\n<meta property=\"og:type\" content=\"article\" \/>\n<meta property=\"og:title\" content=\"Contact - Verix Business Solution\" \/>\n<meta property=\"og:description\" content=\"Ready to Fix What\u2019s Broken? Tell us about your challenge. We\u2019ll schedule a no-obligation consultation to discuss how we can help.\" \/>\n<meta property=\"og:url\" content=\"https:\/\/verixbs.com\/es\/contact\/\" \/>\n<meta property=\"og:site_name\" content=\"Verix Business Solution\" \/>\n<meta property=\"article:modified_time\" content=\"2025-12-21T22:53:25+00:00\" \/>\n<meta name=\"twitter:card\" content=\"summary_large_image\" \/>\n<meta name=\"twitter:label1\" content=\"Tiempo de lectura\" \/>\n\t<meta name=\"twitter:data1\" content=\"1 minuto\" \/>\n<script type=\"application\/ld+json\" class=\"yoast-schema-graph\">{\"@context\":\"https:\/\/schema.org\",\"@graph\":[{\"@type\":\"WebPage\",\"@id\":\"https:\/\/verixbs.com\/contact\/\",\"url\":\"https:\/\/verixbs.com\/contact\/\",\"name\":\"Contact - Verix Business Solution\",\"isPartOf\":{\"@id\":\"https:\/\/verixbs.com\/#website\"},\"datePublished\":\"2022-07-11T16:13:02+00:00\",\"dateModified\":\"2025-12-21T22:53:25+00:00\",\"breadcrumb\":{\"@id\":\"https:\/\/verixbs.com\/contact\/#breadcrumb\"},\"inLanguage\":\"es\",\"potentialAction\":[{\"@type\":\"ReadAction\",\"target\":[\"https:\/\/verixbs.com\/contact\/\"]}]},{\"@type\":\"BreadcrumbList\",\"@id\":\"https:\/\/verixbs.com\/contact\/#breadcrumb\",\"itemListElement\":[{\"@type\":\"ListItem\",\"position\":1,\"name\":\"Home\",\"item\":\"https:\/\/verixbs.com\/\"},{\"@type\":\"ListItem\",\"position\":2,\"name\":\"Contact\"}]},{\"@type\":\"WebSite\",\"@id\":\"https:\/\/verixbs.com\/#website\",\"url\":\"https:\/\/verixbs.com\/\",\"name\":\"Verix Business Solutions\",\"description\":\"Consulting &amp; Digital Growth Company\",\"publisher\":{\"@id\":\"https:\/\/verixbs.com\/#organization\"},\"potentialAction\":[{\"@type\":\"SearchAction\",\"target\":{\"@type\":\"EntryPoint\",\"urlTemplate\":\"https:\/\/verixbs.com\/?s={search_term_string}\"},\"query-input\":{\"@type\":\"PropertyValueSpecification\",\"valueRequired\":true,\"valueName\":\"search_term_string\"}}],\"inLanguage\":\"es\"},{\"@type\":\"Organization\",\"@id\":\"https:\/\/verixbs.com\/#organization\",\"name\":\"Verix Business Solutions LLC\",\"url\":\"https:\/\/verixbs.com\/\",\"logo\":{\"@type\":\"ImageObject\",\"inLanguage\":\"es\",\"@id\":\"https:\/\/verixbs.com\/#\/schema\/logo\/image\/\",\"url\":\"https:\/\/verixbs.com\/wp-content\/uploads\/2025\/10\/Verix_Horizontal_Color.png\",\"contentUrl\":\"https:\/\/verixbs.com\/wp-content\/uploads\/2025\/10\/Verix_Horizontal_Color.png\",\"width\":1879,\"height\":728,\"caption\":\"Verix Business Solutions LLC\"},\"image\":{\"@id\":\"https:\/\/verixbs.com\/#\/schema\/logo\/image\/\"},\"sameAs\":[\"https:\/\/www.linkedin.com\/company\/verixbs\"]}]}<\/script>\n<!-- \/ Yoast SEO plugin. -->","yoast_head_json":{"title":"Contact - Verix Business Solution","robots":{"index":"index","follow":"follow","max-snippet":"max-snippet:-1","max-image-preview":"max-image-preview:large","max-video-preview":"max-video-preview:-1"},"canonical":"https:\/\/verixbs.com\/es\/contact\/","og_locale":"es_ES","og_type":"article","og_title":"Contact - Verix Business Solution","og_description":"Ready to Fix What\u2019s Broken? Tell us about your challenge. We\u2019ll schedule a no-obligation consultation to discuss how we can help.","og_url":"https:\/\/verixbs.com\/es\/contact\/","og_site_name":"Verix Business Solution","article_modified_time":"2025-12-21T22:53:25+00:00","twitter_card":"summary_large_image","twitter_misc":{"Tiempo de lectura":"1 minuto"},"schema":{"@context":"https:\/\/schema.org","@graph":[{"@type":"WebPage","@id":"https:\/\/verixbs.com\/contact\/","url":"https:\/\/verixbs.com\/contact\/","name":"Contact - Verix Business Solution","isPartOf":{"@id":"https:\/\/verixbs.com\/#website"},"datePublished":"2022-07-11T16:13:02+00:00","dateModified":"2025-12-21T22:53:25+00:00","breadcrumb":{"@id":"https:\/\/verixbs.com\/contact\/#breadcrumb"},"inLanguage":"es","potentialAction":[{"@type":"ReadAction","target":["https:\/\/verixbs.com\/contact\/"]}]},{"@type":"BreadcrumbList","@id":"https:\/\/verixbs.com\/contact\/#breadcrumb","itemListElement":[{"@type":"ListItem","position":1,"name":"Home","item":"https:\/\/verixbs.com\/"},{"@type":"ListItem","position":2,"name":"Contact"}]},{"@type":"WebSite","@id":"https:\/\/verixbs.com\/#website","url":"https:\/\/verixbs.com\/","name":"Verix Business Solutions","description":"Consulting &amp; Digital Growth Company","publisher":{"@id":"https:\/\/verixbs.com\/#organization"},"potentialAction":[{"@type":"SearchAction","target":{"@type":"EntryPoint","urlTemplate":"https:\/\/verixbs.com\/?s={search_term_string}"},"query-input":{"@type":"PropertyValueSpecification","valueRequired":true,"valueName":"search_term_string"}}],"inLanguage":"es"},{"@type":"Organization","@id":"https:\/\/verixbs.com\/#organization","name":"Verix Business Solutions LLC","url":"https:\/\/verixbs.com\/","logo":{"@type":"ImageObject","inLanguage":"es","@id":"https:\/\/verixbs.com\/#\/schema\/logo\/image\/","url":"https:\/\/verixbs.com\/wp-content\/uploads\/2025\/10\/Verix_Horizontal_Color.png","contentUrl":"https:\/\/verixbs.com\/wp-content\/uploads\/2025\/10\/Verix_Horizontal_Color.png","width":1879,"height":728,"caption":"Verix Business Solutions LLC"},"image":{"@id":"https:\/\/verixbs.com\/#\/schema\/logo\/image\/"},"sameAs":["https:\/\/www.linkedin.com\/company\/verixbs"]}]}},"taxonomy_info":[],"featured_image_src_large":false,"author_info":{"display_name":"Ihtisham","author_link":"https:\/\/verixbs.com\/es\/author\/ihtisham\/"},"comment_info":0,"_hostinger_reach_plugin_has_subscription_block":false,"_hostinger_reach_plugin_is_elementor":false,"_links":{"self":[{"href":"https:\/\/verixbs.com\/es\/wp-json\/wp\/v2\/pages\/596","targetHints":{"allow":["GET"]}}],"collection":[{"href":"https:\/\/verixbs.com\/es\/wp-json\/wp\/v2\/pages"}],"about":[{"href":"https:\/\/verixbs.com\/es\/wp-json\/wp\/v2\/types\/page"}],"author":[{"embeddable":true,"href":"https:\/\/verixbs.com\/es\/wp-json\/wp\/v2\/users\/2"}],"replies":[{"embeddable":true,"href":"https:\/\/verixbs.com\/es\/wp-json\/wp\/v2\/comments?post=596"}],"version-history":[{"count":4,"href":"https:\/\/verixbs.com\/es\/wp-json\/wp\/v2\/pages\/596\/revisions"}],"predecessor-version":[{"id":3487,"href":"https:\/\/verixbs.com\/es\/wp-json\/wp\/v2\/pages\/596\/revisions\/3487"}],"wp:attachment":[{"href":"https:\/\/verixbs.com\/es\/wp-json\/wp\/v2\/media?parent=596"}],"curies":[{"name":"wp","href":"https:\/\/api.w.org\/{rel}","templated":true}]}}